{"id":10331,"date":"2021-09-08T11:54:50","date_gmt":"2021-09-08T15:54:50","guid":{"rendered":"https:\/\/oreillebionique.com\/product\/telephone-sans-fil-bluetooth-clarity-xlc7bt-fr\/"},"modified":"2021-09-08T11:54:50","modified_gmt":"2021-09-08T15:54:50","slug":"telephone-sans-fil-bluetooth-clarity-xlc7bt-fr","status":"publish","type":"product","link":"https:\/\/oreillebionique.com\/en\/product\/telephone-sans-fil-bluetooth-clarity-xlc7bt-fr\/","title":{"rendered":"T\u00e9l\u00e9phone sans fil Bluetooth Clarity XLC7BT"},"content":{"rendered":"<p>Jumelez votre t\u00e9l\u00e9phone cellulaire \u00e0 l\u2019aide de la technologie sans fil compatible BLUETOOTH   et profitez d\u2019appels cellulaires et fixes sur un seul t\u00e9l\u00e9phone r\u00e9sidentiel des plus pratiques<\/p>\n","protected":false},"excerpt":{"rendered":"<p>Jumelez votre t\u00e9l\u00e9phone cellulaire \u00e0 l\u2019aide de la technologie sans fil compatible BLUETOOTH et profitez d\u2019appels cellulaires et fixes sur un seul t\u00e9l\u00e9phone r\u00e9sidentiel des plus pratiques<\/p>\n","protected":false},"featured_media":10444,"template":"","meta":{"_acf_changed":false},"product_brand":[],"product_cat":[999,1408],"product_tag":[],"class_list":{"0":"post-10331","1":"product","2":"type-product","3":"status-publish","4":"has-post-thumbnail","6":"tax-marques-advanced-bionics-fr","7":"tax-marques-clarity-fr","8":"product_cat-accessoires-sans-fil-fr","9":"product_cat-naida-ci-q70-fr","11":"first","12":"instock","13":"taxable","14":"shipping-taxable","15":"product-type-simple"},"acf":[],"_links":{"self":[{"href":"https:\/\/oreillebionique.com\/en\/wp-json\/wp\/v2\/product\/10331","targetHints":{"allow":["GET"]}}],"collection":[{"href":"https:\/\/oreillebionique.com\/en\/wp-json\/wp\/v2\/product"}],"about":[{"href":"https:\/\/oreillebionique.com\/en\/wp-json\/wp\/v2\/types\/product"}],"wp:featuredmedia":[{"embeddable":true,"href":"https:\/\/oreillebionique.com\/en\/wp-json\/wp\/v2\/media\/10444"}],"wp:attachment":[{"href":"https:\/\/oreillebionique.com\/en\/wp-json\/wp\/v2\/media?parent=10331"}],"wp:term":[{"taxonomy":"product_brand","embeddable":true,"href":"https:\/\/oreillebionique.com\/en\/wp-json\/wp\/v2\/product_brand?post=10331"},{"taxonomy":"product_cat","embeddable":true,"href":"https:\/\/oreillebionique.com\/en\/wp-json\/wp\/v2\/product_cat?post=10331"},{"taxonomy":"product_tag","embeddable":true,"href":"https:\/\/oreillebionique.com\/en\/wp-json\/wp\/v2\/product_tag?post=10331"}],"curies":[{"name":"wp","href":"https:\/\/api.w.org\/{rel}","templated":true}]}}